{"id":327,"date":"2026-04-30T00:05:56","date_gmt":"2026-04-29T23:05:56","guid":{"rendered":"https:\/\/della.shark.mu\/accueil\/"},"modified":"2026-05-04T01:43:37","modified_gmt":"2026-05-04T00:43:37","slug":"accueil","status":"publish","type":"page","link":"https:\/\/tamagro.farm\/fr\/","title":{"rendered":"Accueil"},"content":{"rendered":"\t\t<div data-elementor-type=\"wp-page\" data-elementor-id=\"327\" class=\"elementor elementor-327\" data-elementor-post-type=\"page\">\n\t\t\t\t<div class=\"elementor-element elementor-element-a608832 e-flex e-con-boxed e-con e-parent\" data-id=\"a608832\" data-element_type=\"container\" data-e-type=\"container\" data-settings=\"{&quot;background_background&quot;:&quot;video&quot;,&quot;background_video_link&quot;:&quot;https:\\\/\\\/tamagro.farm\\\/vidz.mp4&quot;,&quot;background_play_on_mobile&quot;:&quot;yes&quot;,&quot;background_privacy_mode&quot;:&quot;yes&quot;}\">\n\t\t\t\t\t<div class=\"e-con-inner\">\n\t\t<div class=\"elementor-background-video-container\">\n\t\t\t\t\t\t\t<video class=\"elementor-background-video-hosted\" role=\"presentation\" autoplay muted playsinline loop><\/video>\n\t\t\t\t\t<\/div><div class=\"elementor-element elementor-element-0dcfd62 e-con-full e-flex e-con e-child\" data-id=\"0dcfd62\" data-element_type=\"container\" data-e-type=\"container\">\n\t\t<div class=\"elementor-element elementor-element-8a008c4 e-con-full e-flex e-con e-child\" data-id=\"8a008c4\" data-element_type=\"container\" data-e-type=\"container\">\n\t\t\t\t<div class=\"elementor-element elementor-element-d3894a5 elementor-widget elementor-widget-image\" data-id=\"d3894a5\" data-element_type=\"widget\" data-e-type=\"widget\" data-widget_type=\"image.default\">\n\t\t\t\t\t\t\t\t\t\t\t\t\t\t\t<img fetchpriority=\"high\" decoding=\"async\" width=\"1024\" height=\"172\" src=\"https:\/\/tamagro.farm\/wp-content\/uploads\/2026\/05\/tamagro-1024x172.png\" class=\"attachment-large size-large wp-image-200\" alt=\"\" srcset=\"https:\/\/tamagro.farm\/wp-content\/uploads\/2026\/05\/tamagro-1024x172.png 1024w, https:\/\/tamagro.farm\/wp-content\/uploads\/2026\/05\/tamagro-300x50.png 300w, https:\/\/tamagro.farm\/wp-content\/uploads\/2026\/05\/tamagro-768x129.png 768w, https:\/\/tamagro.farm\/wp-content\/uploads\/2026\/05\/tamagro.png 1119w\" sizes=\"(max-width: 1024px) 100vw, 1024px\" \/>\t\t\t\t\t\t\t\t\t\t\t\t\t\t\t<\/div>\n\t\t\t\t<div class=\"elementor-element elementor-element-f7f0881 elementor-widget elementor-widget-the7-heading\" data-id=\"f7f0881\" data-element_type=\"widget\" data-e-type=\"widget\" data-widget_type=\"the7-heading.default\">\n\t\t\t\t<div class=\"elementor-widget-container\">\n\t\t\t\t\t<h2 class=\"the7-heading-title elementor-size-default\">L'avenir\n\nde l'agriculture de pr\u00e9cision en Tanzanie<\/h2>\t\t\t\t<\/div>\n\t\t\t\t<\/div>\n\t\t<div class=\"elementor-element elementor-element-0e41fab e-con-full e-flex e-con e-child\" data-id=\"0e41fab\" data-element_type=\"container\" data-e-type=\"container\">\n\t\t\t\t<div class=\"elementor-element elementor-element-3c2b907 elementor-widget__width-auto elementor-widget elementor-widget-the7_button_widget\" data-id=\"3c2b907\" data-element_type=\"widget\" data-e-type=\"widget\" data-widget_type=\"the7_button_widget.default\">\n\t\t\t\t<div class=\"elementor-widget-container\">\n\t\t\t\t\t<div class=\"elementor-button-wrapper\"><a href=\"https:\/\/tamagro.farm\/fr\/about\/\" target=\"_blank\" class=\"box-button elementor-button elementor-size-md\">\u00c0 PROPOS DE NOUS<\/a><\/div>\t\t\t\t<\/div>\n\t\t\t\t<\/div>\n\t\t\t\t<div class=\"elementor-element elementor-element-8d766fb elementor-widget__width-auto elementor-widget elementor-widget-the7_button_widget\" data-id=\"8d766fb\" data-element_type=\"widget\" data-e-type=\"widget\" data-widget_type=\"the7_button_widget.default\">\n\t\t\t\t<div class=\"elementor-widget-container\">\n\t\t\t\t\t<div class=\"elementor-button-wrapper\"><a href=\"https:\/\/tamagro.farm\/fr\/contact\/\" target=\"_blank\" class=\"box-button elementor-button elementor-size-md\">CONTACTEZ-NOUS<\/a><\/div>\t\t\t\t<\/div>\n\t\t\t\t<\/div>\n\t\t\t\t<\/div>\n\t\t\t\t<div class=\"elementor-element elementor-element-dc08c05 elementor-widget elementor-widget-spacer\" data-id=\"dc08c05\" data-element_type=\"widget\" data-e-type=\"widget\" data-widget_type=\"spacer.default\">\n\t\t\t\t\t\t\t<div class=\"elementor-spacer\">\n\t\t\t<div class=\"elementor-spacer-inner\"><\/div>\n\t\t<\/div>\n\t\t\t\t\t\t<\/div>\n\t\t\t\t<\/div>\n\t\t\t\t<\/div>\n\t\t\t\t\t<\/div>\n\t\t\t\t<\/div>\n\t\t<div class=\"elementor-element elementor-element-0592162 e-flex e-con-boxed e-con e-parent\" data-id=\"0592162\" data-element_type=\"container\" data-e-type=\"container\" data-settings=\"{&quot;background_background&quot;:&quot;classic&quot;}\">\n\t\t\t\t\t<div class=\"e-con-inner\">\n\t\t\t\t<div class=\"elementor-element elementor-element-1d9fcbd elementor-widget elementor-widget-the7-heading\" data-id=\"1d9fcbd\" data-element_type=\"widget\" data-e-type=\"widget\" data-widget_type=\"the7-heading.default\">\n\t\t\t\t<div class=\"elementor-widget-container\">\n\t\t\t\t\t<h2 class=\"the7-heading-title elementor-size-default\">NOS PRODUITS<\/h2>\t\t\t\t<\/div>\n\t\t\t\t<\/div>\n\t\t\t\t<div class=\"elementor-element elementor-element-8253822 elementor-widget__width-initial elementor-widget elementor-widget-text-editor\" data-id=\"8253822\" data-element_type=\"widget\" data-e-type=\"widget\" data-widget_type=\"text-editor.default\">\n\t\t\t\t\t\t\t\t\t<p>TAMAGRO associe l&rsquo;agriculture manuelle traditionnelle \u00e0 l&rsquo;irrigation goutte \u00e0 goutte de pr\u00e9cision et aux biofertilisants pour cultiver des ananas et des fruits de la passion.<\/p>\t\t\t\t\t\t\t\t<\/div>\n\t\t\t\t<div class=\"elementor-element elementor-element-947c870 elementor-widget-divider--view-line elementor-widget elementor-widget-divider\" data-id=\"947c870\" data-element_type=\"widget\" data-e-type=\"widget\" data-widget_type=\"divider.default\">\n\t\t\t\t\t\t\t<div class=\"elementor-divider\">\n\t\t\t<span class=\"elementor-divider-separator\">\n\t\t\t\t\t\t<\/span>\n\t\t<\/div>\n\t\t\t\t\t\t<\/div>\n\t\t\t\t\t<\/div>\n\t\t\t\t<\/div>\n\t\t<div class=\"elementor-element elementor-element-aeea28a e-flex e-con-boxed e-con e-parent\" data-id=\"aeea28a\" data-element_type=\"container\" data-e-type=\"container\">\n\t\t\t\t\t<div class=\"e-con-inner\">\n\t\t<div class=\"elementor-element elementor-element-c86b5b0 e-con-full e-flex e-con e-child\" data-id=\"c86b5b0\" data-element_type=\"container\" data-e-type=\"container\">\n\t\t<div class=\"elementor-element elementor-element-e9dcfb3 e-con-full e-flex e-con e-child\" data-id=\"e9dcfb3\" data-element_type=\"container\" data-e-type=\"container\">\n\t\t\t\t<div class=\"elementor-element elementor-element-823f426 elementor-widget elementor-widget-image\" data-id=\"823f426\" data-element_type=\"widget\" data-e-type=\"widget\" data-widget_type=\"image.default\">\n\t\t\t\t\t\t\t\t\t\t\t\t\t\t\t<img decoding=\"async\" width=\"1024\" height=\"893\" src=\"https:\/\/tamagro.farm\/wp-content\/uploads\/2026\/05\/pine-apple-1024x893.jpg\" class=\"attachment-large size-large wp-image-307\" alt=\"\" srcset=\"https:\/\/tamagro.farm\/wp-content\/uploads\/2026\/05\/pine-apple-1024x893.jpg 1024w, https:\/\/tamagro.farm\/wp-content\/uploads\/2026\/05\/pine-apple-300x261.jpg 300w, https:\/\/tamagro.farm\/wp-content\/uploads\/2026\/05\/pine-apple-768x669.jpg 768w, https:\/\/tamagro.farm\/wp-content\/uploads\/2026\/05\/pine-apple-e1777849403628.jpg 1175w\" sizes=\"(max-width: 1024px) 100vw, 1024px\" \/>\t\t\t\t\t\t\t\t\t\t\t\t\t\t\t<\/div>\n\t\t<div class=\"elementor-element elementor-element-195598c e-con-full e-flex e-con e-child\" data-id=\"195598c\" data-element_type=\"container\" data-e-type=\"container\" data-settings=\"{&quot;background_background&quot;:&quot;classic&quot;}\">\n\t\t\t\t<div class=\"elementor-element elementor-element-3ea699b elementor-widget elementor-widget-the7-heading\" data-id=\"3ea699b\" data-element_type=\"widget\" data-e-type=\"widget\" data-widget_type=\"the7-heading.default\">\n\t\t\t\t<div class=\"elementor-widget-container\">\n\t\t\t\t\t<h2 class=\"the7-heading-title elementor-size-default\">ANANAS<\/h2>\t\t\t\t<\/div>\n\t\t\t\t<\/div>\n\t\t\t\t<div class=\"elementor-element elementor-element-da76505 elementor-widget elementor-widget-text-editor\" data-id=\"da76505\" data-element_type=\"widget\" data-e-type=\"widget\" data-widget_type=\"text-editor.default\">\n\t\t\t\t\t\t\t\t\t<p>Nos ananas sont cultiv\u00e9s gr\u00e2ce \u00e0 un syst\u00e8me d&rsquo;irrigation goutte \u00e0 goutte de pointe et \u00e0 des soins manuels pr\u00e9cis, ce qui garantit une douceur concentr\u00e9e et une qualit\u00e9 sup\u00e9rieure \u00e0 chaque r\u00e9colte.<\/p>\t\t\t\t\t\t\t\t<\/div>\n\t\t\t\t<\/div>\n\t\t\t\t<\/div>\n\t\t<div class=\"elementor-element elementor-element-a288c51 e-con-full e-flex e-con e-child\" data-id=\"a288c51\" data-element_type=\"container\" data-e-type=\"container\">\n\t\t\t\t<div class=\"elementor-element elementor-element-851c26a elementor-widget elementor-widget-image\" data-id=\"851c26a\" data-element_type=\"widget\" data-e-type=\"widget\" data-widget_type=\"image.default\">\n\t\t\t\t\t\t\t\t\t\t\t\t\t\t\t<img decoding=\"async\" width=\"1024\" height=\"892\" src=\"https:\/\/tamagro.farm\/wp-content\/uploads\/2026\/05\/yellow-passion-1024x892.jpg\" class=\"attachment-large size-large wp-image-329\" alt=\"\" srcset=\"https:\/\/tamagro.farm\/wp-content\/uploads\/2026\/05\/yellow-passion-1024x892.jpg 1024w, https:\/\/tamagro.farm\/wp-content\/uploads\/2026\/05\/yellow-passion-300x261.jpg 300w, https:\/\/tamagro.farm\/wp-content\/uploads\/2026\/05\/yellow-passion-768x669.jpg 768w, https:\/\/tamagro.farm\/wp-content\/uploads\/2026\/05\/yellow-passion.jpg 1175w\" sizes=\"(max-width: 1024px) 100vw, 1024px\" \/>\t\t\t\t\t\t\t\t\t\t\t\t\t\t\t<\/div>\n\t\t<div class=\"elementor-element elementor-element-8340e05 e-con-full e-flex e-con e-child\" data-id=\"8340e05\" data-element_type=\"container\" data-e-type=\"container\" data-settings=\"{&quot;background_background&quot;:&quot;classic&quot;}\">\n\t\t\t\t<div class=\"elementor-element elementor-element-6ab4633 elementor-widget elementor-widget-the7-heading\" data-id=\"6ab4633\" data-element_type=\"widget\" data-e-type=\"widget\" data-widget_type=\"the7-heading.default\">\n\t\t\t\t<div class=\"elementor-widget-container\">\n\t\t\t\t\t<h2 class=\"the7-heading-title elementor-size-default\">FRUIT DE LA PASSION TANZANIEN<\/h2>\t\t\t\t<\/div>\n\t\t\t\t<\/div>\n\t\t\t\t<div class=\"elementor-element elementor-element-1c53a34 elementor-widget elementor-widget-text-editor\" data-id=\"1c53a34\" data-element_type=\"widget\" data-e-type=\"widget\" data-widget_type=\"text-editor.default\">\n\t\t\t\t\t\t\t\t\t<p>Gr\u00e2ce \u00e0 des m\u00e9thodes agricoles manuelles durables et \u00e0 de riches biofertilisants, nos vergers de fruits de la passion produisent des r\u00e9coltes \u00e0 haut rendement et riches en nutriments, avec un profil aromatique distinctif.<\/p>\t\t\t\t\t\t\t\t<\/div>\n\t\t\t\t<\/div>\n\t\t\t\t<\/div>\n\t\t\t\t<\/div>\n\t\t\t\t\t<\/div>\n\t\t\t\t<\/div>\n\t\t<div class=\"elementor-element elementor-element-e2bd689 e-flex e-con-boxed e-con e-parent\" data-id=\"e2bd689\" data-element_type=\"container\" data-e-type=\"container\" data-settings=\"{&quot;background_background&quot;:&quot;video&quot;,&quot;background_video_link&quot;:&quot;https:\\\/\\\/tamagro.farm\\\/video-banner.mp4&quot;,&quot;background_play_on_mobile&quot;:&quot;yes&quot;}\">\n\t\t\t\t\t<div class=\"e-con-inner\">\n\t\t<div class=\"elementor-background-video-container\">\n\t\t\t\t\t\t\t<video class=\"elementor-background-video-hosted\" role=\"presentation\" autoplay muted playsinline loop><\/video>\n\t\t\t\t\t<\/div>\t\t<div class=\"elementor-element elementor-element-7e4719d elementor-view-framed elementor-shape-circle elementor-widget elementor-widget-icon\" data-id=\"7e4719d\" data-element_type=\"widget\" data-e-type=\"widget\" data-widget_type=\"icon.default\">\n\t\t\t\t\t\t\t<div class=\"elementor-icon-wrapper\">\n\t\t\t<div class=\"elementor-icon\">\n\t\t\t<svg aria-hidden=\"true\" class=\"e-font-icon-svg e-fab-pagelines\" viewBox=\"0 0 384 512\" xmlns=\"http:\/\/www.w3.org\/2000\/svg\"><path d=\"M384 312.7c-55.1 136.7-187.1 54-187.1 54-40.5 81.8-107.4 134.4-184.6 134.7-16.1 0-16.6-24.4 0-24.4 64.4-.3 120.5-42.7 157.2-110.1-41.1 15.9-118.6 27.9-161.6-82.2 109-44.9 159.1 11.2 178.3 45.5 9.9-24.4 17-50.9 21.6-79.7 0 0-139.7 21.9-149.5-98.1 119.1-47.9 152.6 76.7 152.6 76.7 1.6-16.7 3.3-52.6 3.3-53.4 0 0-106.3-73.7-38.1-165.2 124.6 43 61.4 162.4 61.4 162.4.5 1.6.5 23.8 0 33.4 0 0 45.2-89 136.4-57.5-4.2 134-141.9 106.4-141.9 106.4-4.4 27.4-11.2 53.4-20 77.5 0 0 83-91.8 172-20z\"><\/path><\/svg>\t\t\t<\/div>\n\t\t<\/div>\n\t\t\t\t\t\t<\/div>\n\t\t\t\t<div class=\"elementor-element elementor-element-143c0d1 elementor-widget elementor-widget-the7-heading\" data-id=\"143c0d1\" data-element_type=\"widget\" data-e-type=\"widget\" data-widget_type=\"the7-heading.default\">\n\t\t\t\t<div class=\"elementor-widget-container\">\n\t\t\t\t\t<h2 class=\"the7-heading-title elementor-size-default\">Guid\u00e9s par ces cinq \u00e9l\u00e9ments,\n\nnous cultivons bien plus que des r\u00e9coltes.<\/h2>\t\t\t\t<\/div>\n\t\t\t\t<\/div>\n\t\t\t\t<div class=\"elementor-element elementor-element-0e9b14b elementor-widget elementor-widget-heading\" data-id=\"0e9b14b\" data-element_type=\"widget\" data-e-type=\"widget\" data-widget_type=\"heading.default\">\n\t\t\t\t\t<h2 class=\"elementor-heading-title elementor-size-default\">TERRE, EAU, AIR, SOLEIL ET \u00c9THER<\/h2>\t\t\t\t<\/div>\n\t\t\t\t\t<\/div>\n\t\t\t\t<\/div>\n\t\t<div class=\"elementor-element elementor-element-e66702e e-flex e-con-boxed e-con e-parent\" data-id=\"e66702e\" data-element_type=\"container\" data-e-type=\"container\" data-settings=\"{&quot;background_background&quot;:&quot;classic&quot;}\">\n\t\t\t\t\t<div class=\"e-con-inner\">\n\t\t<div class=\"elementor-element elementor-element-012529e e-con-full e-flex e-con e-child\" data-id=\"012529e\" data-element_type=\"container\" data-e-type=\"container\">\n\t\t<div class=\"elementor-element elementor-element-c07e7ab e-con-full e-flex e-con e-child\" data-id=\"c07e7ab\" data-element_type=\"container\" data-e-type=\"container\">\n\t\t\t\t<div class=\"elementor-element elementor-element-084a047 elementor-view-default elementor-widget elementor-widget-icon\" data-id=\"084a047\" data-element_type=\"widget\" data-e-type=\"widget\" data-widget_type=\"icon.default\">\n\t\t\t\t\t\t\t<div class=\"elementor-icon-wrapper\">\n\t\t\t<div class=\"elementor-icon\">\n\t\t\t<i aria-hidden=\"true\" class=\"mdi mdi-google-circles-extended\"><\/i>\t\t\t<\/div>\n\t\t<\/div>\n\t\t\t\t\t\t<\/div>\n\t\t\t\t<div class=\"elementor-element elementor-element-3fd145f elementor-widget-divider--view-line elementor-widget elementor-widget-divider\" data-id=\"3fd145f\" data-element_type=\"widget\" data-e-type=\"widget\" data-widget_type=\"divider.default\">\n\t\t\t\t\t\t\t<div class=\"elementor-divider\">\n\t\t\t<span class=\"elementor-divider-separator\">\n\t\t\t\t\t\t<\/span>\n\t\t<\/div>\n\t\t\t\t\t\t<\/div>\n\t\t\t\t<div class=\"elementor-element elementor-element-c9455ed elementor-widget elementor-widget-counter\" data-id=\"c9455ed\" data-element_type=\"widget\" data-e-type=\"widget\" data-widget_type=\"counter.default\">\n\t\t\t\t\t\t\t<div class=\"elementor-counter\">\n\t\t\t<div class=\"elementor-counter-title\">\u00c9L\u00c9MENTS<\/div>\t\t\t<div class=\"elementor-counter-number-wrapper\">\n\t\t\t\t<span class=\"elementor-counter-number-prefix\"><\/span>\n\t\t\t\t<span class=\"elementor-counter-number\" data-duration=\"2000\" data-to-value=\"5\" data-from-value=\"0\">0<\/span>\n\t\t\t\t<span class=\"elementor-counter-number-suffix\"><\/span>\n\t\t\t<\/div>\n\t\t<\/div>\n\t\t\t\t\t\t<\/div>\n\t\t\t\t<div class=\"elementor-element elementor-element-824ac3d elementor-widget elementor-widget-text-editor\" data-id=\"824ac3d\" data-element_type=\"widget\" data-e-type=\"widget\" data-widget_type=\"text-editor.default\">\n\t\t\t\t\t\t\t\t\t<p>au c\u0153ur de chacune de nos actions<\/p>\t\t\t\t\t\t\t\t<\/div>\n\t\t\t\t<\/div>\n\t\t<div class=\"elementor-element elementor-element-82f8345 e-con-full e-flex e-con e-child\" data-id=\"82f8345\" data-element_type=\"container\" data-e-type=\"container\">\n\t\t\t\t<div class=\"elementor-element elementor-element-0057040 elementor-view-default elementor-widget elementor-widget-icon\" data-id=\"0057040\" data-element_type=\"widget\" data-e-type=\"widget\" data-widget_type=\"icon.default\">\n\t\t\t\t\t\t\t<div class=\"elementor-icon-wrapper\">\n\t\t\t<div class=\"elementor-icon\">\n\t\t\t<i aria-hidden=\"true\" class=\" las la-handshake\"><\/i>\t\t\t<\/div>\n\t\t<\/div>\n\t\t\t\t\t\t<\/div>\n\t\t\t\t<div class=\"elementor-element elementor-element-c73f436 elementor-widget-divider--view-line elementor-widget elementor-widget-divider\" data-id=\"c73f436\" data-element_type=\"widget\" data-e-type=\"widget\" data-widget_type=\"divider.default\">\n\t\t\t\t\t\t\t<div class=\"elementor-divider\">\n\t\t\t<span class=\"elementor-divider-separator\">\n\t\t\t\t\t\t<\/span>\n\t\t<\/div>\n\t\t\t\t\t\t<\/div>\n\t\t\t\t<div class=\"elementor-element elementor-element-965eb59 elementor-widget elementor-widget-counter\" data-id=\"965eb59\" data-element_type=\"widget\" data-e-type=\"widget\" data-widget_type=\"counter.default\">\n\t\t\t\t\t\t\t<div class=\"elementor-counter\">\n\t\t\t<div class=\"elementor-counter-title\">PARTENAIRES<\/div>\t\t\t<div class=\"elementor-counter-number-wrapper\">\n\t\t\t\t<span class=\"elementor-counter-number-prefix\"><\/span>\n\t\t\t\t<span class=\"elementor-counter-number\" data-duration=\"2000\" data-to-value=\"4\" data-from-value=\"0\">0<\/span>\n\t\t\t\t<span class=\"elementor-counter-number-suffix\"><\/span>\n\t\t\t<\/div>\n\t\t<\/div>\n\t\t\t\t\t\t<\/div>\n\t\t\t\t<div class=\"elementor-element elementor-element-1074f37 elementor-widget elementor-widget-text-editor\" data-id=\"1074f37\" data-element_type=\"widget\" data-e-type=\"widget\" data-widget_type=\"text-editor.default\">\n\t\t\t\t\t\t\t\t\t<p>compl\u00e9mentaire et engag\u00e9<\/p>\t\t\t\t\t\t\t\t<\/div>\n\t\t\t\t<\/div>\n\t\t<div class=\"elementor-element elementor-element-8cf517d e-con-full e-flex e-con e-child\" data-id=\"8cf517d\" data-element_type=\"container\" data-e-type=\"container\">\n\t\t\t\t<div class=\"elementor-element elementor-element-5a67ea5 elementor-view-default elementor-widget elementor-widget-icon\" data-id=\"5a67ea5\" data-element_type=\"widget\" data-e-type=\"widget\" data-widget_type=\"icon.default\">\n\t\t\t\t\t\t\t<div class=\"elementor-icon-wrapper\">\n\t\t\t<div class=\"elementor-icon\">\n\t\t\t<i aria-hidden=\"true\" class=\"lnr lnr-earth\"><\/i>\t\t\t<\/div>\n\t\t<\/div>\n\t\t\t\t\t\t<\/div>\n\t\t\t\t<div class=\"elementor-element elementor-element-45b390b elementor-widget-divider--view-line elementor-widget elementor-widget-divider\" data-id=\"45b390b\" data-element_type=\"widget\" data-e-type=\"widget\" data-widget_type=\"divider.default\">\n\t\t\t\t\t\t\t<div class=\"elementor-divider\">\n\t\t\t<span class=\"elementor-divider-separator\">\n\t\t\t\t\t\t<\/span>\n\t\t<\/div>\n\t\t\t\t\t\t<\/div>\n\t\t\t\t<div class=\"elementor-element elementor-element-47e7463 elementor-widget elementor-widget-counter\" data-id=\"47e7463\" data-element_type=\"widget\" data-e-type=\"widget\" data-widget_type=\"counter.default\">\n\t\t\t\t\t\t\t<div class=\"elementor-counter\">\n\t\t\t<div class=\"elementor-counter-title\">TERRE<\/div>\t\t\t<div class=\"elementor-counter-number-wrapper\">\n\t\t\t\t<span class=\"elementor-counter-number-prefix\"><\/span>\n\t\t\t\t<span class=\"elementor-counter-number\" data-duration=\"2000\" data-to-value=\"100\" data-from-value=\"0\">0<\/span>\n\t\t\t\t<span class=\"elementor-counter-number-suffix\">%<\/span>\n\t\t\t<\/div>\n\t\t<\/div>\n\t\t\t\t\t\t<\/div>\n\t\t\t\t<div class=\"elementor-element elementor-element-ed43bc0 elementor-widget elementor-widget-text-editor\" data-id=\"ed43bc0\" data-element_type=\"widget\" data-e-type=\"widget\" data-widget_type=\"text-editor.default\">\n\t\t\t\t\t\t\t\t\t<p>au plus pr\u00e8s des agriculteurs, \u00e0 chaque \u00e9tape<\/p>\t\t\t\t\t\t\t\t<\/div>\n\t\t\t\t<\/div>\n\t\t<div class=\"elementor-element elementor-element-1d8a874 e-con-full e-flex e-con e-child\" data-id=\"1d8a874\" data-element_type=\"container\" data-e-type=\"container\">\n\t\t\t\t<div class=\"elementor-element elementor-element-8a5018b elementor-view-default elementor-widget elementor-widget-icon\" data-id=\"8a5018b\" data-element_type=\"widget\" data-e-type=\"widget\" data-widget_type=\"icon.default\">\n\t\t\t\t\t\t\t<div class=\"elementor-icon-wrapper\">\n\t\t\t<div class=\"elementor-icon\">\n\t\t\t<i aria-hidden=\"true\" class=\"icofont icofont-plant\"><\/i>\t\t\t<\/div>\n\t\t<\/div>\n\t\t\t\t\t\t<\/div>\n\t\t\t\t<div class=\"elementor-element elementor-element-26d9f68 elementor-widget-divider--view-line elementor-widget elementor-widget-divider\" data-id=\"26d9f68\" data-element_type=\"widget\" data-e-type=\"widget\" data-widget_type=\"divider.default\">\n\t\t\t\t\t\t\t<div class=\"elementor-divider\">\n\t\t\t<span class=\"elementor-divider-separator\">\n\t\t\t\t\t\t<\/span>\n\t\t<\/div>\n\t\t\t\t\t\t<\/div>\n\t\t\t\t<div class=\"elementor-element elementor-element-3f283a5 elementor-widget elementor-widget-counter\" data-id=\"3f283a5\" data-element_type=\"widget\" data-e-type=\"widget\" data-widget_type=\"counter.default\">\n\t\t\t\t\t\t\t<div class=\"elementor-counter\">\n\t\t\t<div class=\"elementor-counter-title\">VISION<\/div>\t\t\t<div class=\"elementor-counter-number-wrapper\">\n\t\t\t\t<span class=\"elementor-counter-number-prefix\"><\/span>\n\t\t\t\t<span class=\"elementor-counter-number\" data-duration=\"2000\" data-to-value=\"1\" data-from-value=\"0\">0<\/span>\n\t\t\t\t<span class=\"elementor-counter-number-suffix\"><\/span>\n\t\t\t<\/div>\n\t\t<\/div>\n\t\t\t\t\t\t<\/div>\n\t\t\t\t<div class=\"elementor-element elementor-element-f55cbd4 elementor-widget elementor-widget-text-editor\" data-id=\"f55cbd4\" data-element_type=\"widget\" data-e-type=\"widget\" data-widget_type=\"text-editor.default\">\n\t\t\t\t\t\t\t\t\t<p>agriculture durable, pr\u00e9cise et responsable<\/p>\t\t\t\t\t\t\t\t<\/div>\n\t\t\t\t<\/div>\n\t\t\t\t<\/div>\n\t\t\t\t\t<\/div>\n\t\t\t\t<\/div>\n\t\t<div class=\"elementor-element elementor-element-c78ebf0 e-flex e-con-boxed e-con e-parent\" data-id=\"c78ebf0\" data-element_type=\"container\" data-e-type=\"container\" data-settings=\"{&quot;background_background&quot;:&quot;classic&quot;}\">\n\t\t\t\t\t<div class=\"e-con-inner\">\n\t\t<div class=\"elementor-element elementor-element-9dcb81c e-flex e-con-boxed e-con e-child\" data-id=\"9dcb81c\" data-element_type=\"container\" data-e-type=\"container\">\n\t\t\t\t\t<div class=\"e-con-inner\">\n\t\t\t\t<div class=\"elementor-element elementor-element-091b4b8 elementor-widget elementor-widget-image\" data-id=\"091b4b8\" data-element_type=\"widget\" data-e-type=\"widget\" data-widget_type=\"image.default\">\n\t\t\t\t\t\t\t\t\t\t\t\t\t\t\t<img loading=\"lazy\" decoding=\"async\" width=\"1024\" height=\"683\" src=\"https:\/\/tamagro.farm\/wp-content\/uploads\/2026\/04\/Tamagro-2-1-1024x683.jpg\" class=\"attachment-large size-large wp-image-39\" alt=\"\" srcset=\"https:\/\/tamagro.farm\/wp-content\/uploads\/2026\/04\/Tamagro-2-1-1024x683.jpg 1024w, https:\/\/tamagro.farm\/wp-content\/uploads\/2026\/04\/Tamagro-2-1-300x200.jpg 300w, https:\/\/tamagro.farm\/wp-content\/uploads\/2026\/04\/Tamagro-2-1-768x512.jpg 768w, https:\/\/tamagro.farm\/wp-content\/uploads\/2026\/04\/Tamagro-2-1.jpg 1536w\" sizes=\"(max-width: 1024px) 100vw, 1024px\" \/>\t\t\t\t\t\t\t\t\t\t\t\t\t\t\t<\/div>\n\t\t\t\t\t<\/div>\n\t\t\t\t<\/div>\n\t\t<div class=\"elementor-element elementor-element-0439de1 e-flex e-con-boxed e-con e-child\" data-id=\"0439de1\" data-element_type=\"container\" data-e-type=\"container\">\n\t\t\t\t\t<div class=\"e-con-inner\">\n\t\t\t\t<div class=\"elementor-element elementor-element-5c7c55b elementor-widget elementor-widget-the7-heading\" data-id=\"5c7c55b\" data-element_type=\"widget\" data-e-type=\"widget\" data-widget_type=\"the7-heading.default\">\n\t\t\t\t<div class=\"elementor-widget-container\">\n\t\t\t\t\t<h2 class=\"the7-heading-title elementor-size-default\">Notre h\u00e9ritage durable<\/h2>\t\t\t\t<\/div>\n\t\t\t\t<\/div>\n\t\t\t\t<div class=\"elementor-element elementor-element-9653cb8 elementor-widget-divider--view-line elementor-widget elementor-widget-divider\" data-id=\"9653cb8\" data-element_type=\"widget\" data-e-type=\"widget\" data-widget_type=\"divider.default\">\n\t\t\t\t\t\t\t<div class=\"elementor-divider\">\n\t\t\t<span class=\"elementor-divider-separator\">\n\t\t\t\t\t\t<\/span>\n\t\t<\/div>\n\t\t\t\t\t\t<\/div>\n\t\t\t\t<div class=\"elementor-element elementor-element-c95f76d elementor-widget elementor-widget-text-editor\" data-id=\"c95f76d\" data-element_type=\"widget\" data-e-type=\"widget\" data-widget_type=\"text-editor.default\">\n\t\t\t\t\t\t\t\t\t<p>TAMAGRO est \u00e0 l&rsquo;avant-garde de la r\u00e9volution agricole tanzanienne, sp\u00e9cialis\u00e9e dans la culture de pr\u00e9cision d&rsquo;ananas, de fruits de la passion et de papayes de haute qualit\u00e9. Nous privil\u00e9gions le cycle naturel de la terre, garantissant ainsi que chaque r\u00e9colte refl\u00e8te la richesse de notre sol et notre engagement envers l&rsquo;excellence.<\/p><p>Notre mission d\u00e9passe le cadre de l&rsquo;agriculture traditionnelle. En alliant des m\u00e9thodes manuelles rigoureuses \u00e0 des technologies de pointe comme les biofertilisants et l&rsquo;irrigation goutte \u00e0 goutte intelligente, nous augmentons les rendements tout en pr\u00e9servant l&rsquo;environnement. TAMAGRO s&rsquo;engage \u00e0 cr\u00e9er un impact durable qui profite \u00e0 nos agriculteurs, \u00e0 nos communaut\u00e9s et au paysage agricole tanzanien pour les g\u00e9n\u00e9rations futures.<\/p>\t\t\t\t\t\t\t\t<\/div>\n\t\t\t\t\t<\/div>\n\t\t\t\t<\/div>\n\t\t\t\t\t<\/div>\n\t\t\t\t<\/div>\n\t\t\t\t<\/div>\n\t\t","protected":false},"excerpt":{"rendered":"<p>L&rsquo;avenir de l&rsquo;agriculture de pr\u00e9cision en Tanzanie \u00c0 PROPOS DE NOUS CONTACTEZ-NOUS NOS PRODUITS TAMAGRO associe l&rsquo;agriculture manuelle traditionnelle \u00e0 l&rsquo;irrigation goutte \u00e0 goutte de pr\u00e9cision et aux biofertilisants pour cultiver des ananas et des fruits de la passion. ANANAS Nos ananas sont cultiv\u00e9s gr\u00e2ce \u00e0 un syst\u00e8me d&rsquo;irrigation goutte \u00e0 goutte de pointe et&hellip;<\/p>\n","protected":false},"author":1,"featured_media":0,"parent":0,"menu_order":0,"comment_status":"closed","ping_status":"closed","template":"elementor_header_footer","meta":{"footnotes":""},"class_list":["post-327","page","type-page","status-publish","hentry"],"_links":{"self":[{"href":"https:\/\/tamagro.farm\/fr\/wp-json\/wp\/v2\/pages\/327","targetHints":{"allow":["GET"]}}],"collection":[{"href":"https:\/\/tamagro.farm\/fr\/wp-json\/wp\/v2\/pages"}],"about":[{"href":"https:\/\/tamagro.farm\/fr\/wp-json\/wp\/v2\/types\/page"}],"author":[{"embeddable":true,"href":"https:\/\/tamagro.farm\/fr\/wp-json\/wp\/v2\/users\/1"}],"replies":[{"embeddable":true,"href":"https:\/\/tamagro.farm\/fr\/wp-json\/wp\/v2\/comments?post=327"}],"version-history":[{"count":0,"href":"https:\/\/tamagro.farm\/fr\/wp-json\/wp\/v2\/pages\/327\/revisions"}],"wp:attachment":[{"href":"https:\/\/tamagro.farm\/fr\/wp-json\/wp\/v2\/media?parent=327"}],"curies":[{"name":"wp","href":"https:\/\/api.w.org\/{rel}","templated":true}]}}